{"id":3925,"date":"2018-05-12T13:07:48","date_gmt":"2018-05-12T13:07:48","guid":{"rendered":"http:\/\/stefanwolner.com\/?page_id=3925"},"modified":"2025-06-13T18:47:05","modified_gmt":"2025-06-13T18:47:05","slug":"impressum","status":"publish","type":"page","link":"https:\/\/www.stefanwolner.com\/index.php\/impressum\/","title":{"rendered":"Impressum."},"content":{"rendered":"<p><\/p>\n<h2 data-start=\"44\" data-end=\"59\">\ud83d\udccb Impressum<\/h2>\n<p data-start=\"61\" data-end=\"110\"><strong data-start=\"61\" data-end=\"110\">Angaben gem\u00e4\u00df \u00a7\u202f5 ECG, \u00a7\u202f14 UGB, \u00a7\u202f25 MedienG<\/strong><\/p>\n<p data-start=\"112\" data-end=\"204\"><strong data-start=\"112\" data-end=\"122\">Firma:<\/strong><br data-start=\"122\" data-end=\"125\" \/><span class=\"relative -mx-px my-[-0.2rem] rounded px-px py-[0.2rem] transition-colors duration-100 ease-in-out\">Red\u202fMonster\u202fe.U.<\/span><br data-start=\"162\" data-end=\"165\" \/><span class=\"relative -mx-px my-[-0.2rem] rounded px-px py-[0.2rem] transition-colors duration-100 ease-in-out\">Inhaber: Stefan\u202fWolner<\/span><\/p>\n<p data-start=\"206\" data-end=\"336\"><strong data-start=\"206\" data-end=\"218\">Adresse:<\/strong><br data-start=\"218\" data-end=\"221\" \/><span class=\"relative -mx-px my-[-0.2rem] rounded px-px py-[0.2rem] transition-colors duration-100 ease-in-out\">Brigittenauer\u202fL\u00e4nde\u202f4\/2,<\/span><br data-start=\"258\" data-end=\"261\" \/><span class=\"relative -mx-px my-[-0.2rem] rounded px-px py-[0.2rem] transition-colors duration-100 ease-in-out\">1020 Wien, \u00d6sterreich<\/span><\/p>\n<p data-start=\"338\" data-end=\"468\"><strong data-start=\"338\" data-end=\"350\">Kontakt:<\/strong><br data-start=\"350\" data-end=\"353\" \/><span class=\"relative -mx-px my-[-0.2rem] rounded px-px py-[0.2rem] transition-colors duration-100 ease-in-out\">Telefon: +43\u202f699\u202f199\u202f71111<\/span><br data-start=\"390\" data-end=\"393\" \/><span class=\"relative -mx-px my-[-0.2rem] rounded px-px py-[0.2rem] transition-colors duration-100 ease-in-out\">E\u2011Mail: <a href=\"mailto:office@redmonster.at\" data-start=\"8\" data-end=\"28\" data-is-last-node=\"\">office@redmonster.at<\/a><\/span><\/p>\n<p data-start=\"470\" data-end=\"552\"><strong data-start=\"470\" data-end=\"497\">Unternehmensgegenstand:<\/strong><br data-start=\"497\" data-end=\"500\" \/>Filmproduktion<\/p>\n<p data-start=\"554\" data-end=\"702\"><strong data-start=\"554\" data-end=\"580\">Firmenbuchnummer (FN):<\/strong> FN\u202f355668\u202ft<br data-start=\"592\" data-end=\"595\" \/><strong data-start=\"595\" data-end=\"607\">Gericht:<\/strong> Handelsgericht Wien<br data-start=\"627\" data-end=\"630\" \/><strong data-start=\"630\" data-end=\"650\">Umsatzsteuer\u2011ID:<\/strong> ATU66151978<\/p>\n<hr data-start=\"704\" data-end=\"707\" \/>\n<h2 data-start=\"709\" data-end=\"737\">\ud83d\udee1 Datenschutz nach DSGVO<\/h2>\n<p data-start=\"739\" data-end=\"865\"><strong data-start=\"739\" data-end=\"783\">Verantwortlich gem\u00e4\u00df Art.\u202f4 Nr.\u202f7 DSGVO:<\/strong><br data-start=\"783\" data-end=\"786\" \/><span class=\"relative -mx-px my-[-0.2rem] rounded px-px py-[0.2rem] transition-colors duration-100 ease-in-out\">Red\u202fMonster\u202fFilm (Inhaber: Stefan\u202fWolner), Brigittenauer\u202fL\u00e4nde\u202f4\/2, 1020 Wien, E\u2011Mail: <a href=\"mailto:datenschutz@redmonster.at\" data-start=\"87\" data-end=\"112\" data-is-last-node=\"\">datenschutz@redmonster.at<\/a><\/span><\/p>\n<p data-start=\"867\" data-end=\"902\"><strong data-start=\"867\" data-end=\"900\">Zwecke der Datenverarbeitung:<\/strong><\/p>\n<ul data-start=\"903\" data-end=\"1032\">\n<li data-start=\"903\" data-end=\"946\">\n<p data-start=\"905\" data-end=\"946\"><span class=\"relative -mx-px my-[-0.2rem] rounded px-px py-[0.2rem] transition-colors duration-100 ease-in-out\">Bearbeitung von Kontaktanfragen (z.\u202fB. via Kontaktformular oder E\u2011Mail)<\/span><\/p>\n<\/li>\n<li data-start=\"947\" data-end=\"990\">\n<p data-start=\"949\" data-end=\"990\"><span class=\"relative -mx-px my-[-0.2rem] rounded px-px py-[0.2rem] transition-colors duration-100 ease-in-out\">Verwaltung von Anmeldungen zu Newslettern o.\u202f\u00c4.<\/span><\/p>\n<\/li>\n<li data-start=\"991\" data-end=\"1032\">\n<p data-start=\"993\" data-end=\"1032\"><span class=\"relative -mx-px my-[-0.2rem] rounded px-px py-[0.2rem] transition-colors duration-100 ease-in-out\">Technische Administration der Website<\/span><\/p>\n<\/li>\n<\/ul>\n<p data-start=\"1034\" data-end=\"1057\"><strong data-start=\"1034\" data-end=\"1055\">Rechtsgrundlagen:<\/strong><\/p>\n<ul data-start=\"1058\" data-end=\"1185\">\n<li data-start=\"1058\" data-end=\"1101\">\n<p data-start=\"1060\" data-end=\"1101\"><span class=\"relative -mx-px my-[-0.2rem] rounded px-px py-[0.2rem] transition-colors duration-100 ease-in-out\">Art.\u202f6 Abs.\u202f1 lit.\u202fb DSGVO (Vertragserf\u00fcllung, z.\u202fB. bei Newsletter)<\/span><\/p>\n<\/li>\n<li data-start=\"1102\" data-end=\"1185\">\n<p data-start=\"1104\" data-end=\"1185\"><span class=\"relative -mx-px my-[-0.2rem] rounded px-px py-[0.2rem] transition-colors duration-100 ease-in-out\">Art.\u202f6 Abs.\u202f1 lit.\u202ff DSGVO (berechtigtes Interesse an technischer Betreuung)<\/span><\/p>\n<\/li>\n<\/ul>\n<p data-start=\"1187\" data-end=\"1247\"><strong data-start=\"1187\" data-end=\"1205\">Speicherdauer:<\/strong><br data-start=\"1205\" data-end=\"1208\" \/><span class=\"relative -mx-px my-[-0.2rem] rounded px-px py-[0.2rem] transition-colors duration-100 ease-in-out\">Personenbezogene Daten werden nur solange gespeichert, wie es f\u00fcr den jeweiligen Zweck n\u00f6tig ist.<\/span><\/p>\n<p data-start=\"1249\" data-end=\"1395\"><strong data-start=\"1249\" data-end=\"1271\">Betroffenenrechte:<\/strong><br data-start=\"1271\" data-end=\"1274\" \/><span class=\"relative -mx-px my-[-0.2rem] rounded px-px py-[0.2rem] transition-colors duration-100 ease-in-out\">Du hast das Recht auf Auskunft, Berichtigung, L\u00f6schung, Einschr\u00e4nkung der Verarbeitung, Daten\u00fcbertragbarkeit, Widerspruch (Art.\u202f15\u201321 DSGVO).<\/span><br data-start=\"1313\" data-end=\"1316\" \/><span class=\"relative -mx-px my-[-0.2rem] rounded px-px py-[0.2rem] transition-colors duration-100 ease-in-out\">Zur Aus\u00fcbung dieser Rechte: Kontakt via <a href=\"mailto:datenschutz@redmonster.at\" data-start=\"40\" data-end=\"65\" data-is-last-node=\"\">datenschutz@redmonster.at<\/a><\/span><\/p>\n<p data-start=\"1397\" data-end=\"1499\"><strong data-start=\"1397\" data-end=\"1417\">Beschwerderecht:<\/strong><br data-start=\"1417\" data-end=\"1420\" \/><span class=\"relative -mx-px my-[-0.2rem] rounded px-px py-[0.2rem] transition-colors duration-100 ease-in-out\">Bei datenschutzrechtlichen Problemen kannst du dich an die <strong data-start=\"59\" data-end=\"103\">\u00d6sterreichische Datenschutzbeh\u00f6rde (DSB)<\/strong> wenden<\/span><\/p>\n<p data-start=\"1501\" data-end=\"1606\"><strong data-start=\"1501\" data-end=\"1524\">Drittlandtransfers:<\/strong><br data-start=\"1524\" data-end=\"1527\" \/><span class=\"relative -mx-px my-[-0.2rem] rounded px-px py-[0.2rem] transition-colors duration-100 ease-in-out\">Falls Daten in L\u00e4nder ohne angemessenes Datenschutzniveau \u00fcbertragen werden (z.\u202fB. USA), stellen Standardvertragsklauseln nach Art.\u202f46 DSGVO sicher, dass ein angemessenes Schutzniveau besteht<\/span><\/p>\n<p data-start=\"1608\" data-end=\"1720\"><strong data-start=\"1608\" data-end=\"1638\">Aktualit\u00e4t der Richtlinie:<\/strong><br data-start=\"1638\" data-end=\"1641\" \/><span class=\"relative -mx-px my-[-0.2rem] rounded px-px py-[0.2rem] transition-colors duration-100 ease-in-out\">Diese Datenschutzerkl\u00e4rung wird regelm\u00e4\u00dfig aktualisiert und ist jederzeit hier abrufbar: <a href=\"http:\/\/www.redmonster.at\/privacy%E2%80%91policy\" target=\"_new\" rel=\"noopener noreferrer\" data-start=\"89\" data-end=\"121\" data-is-last-node=\"\">www.redmonster.at\/privacy\u2011policy<\/a><\/span><\/p>\n<p data-start=\"1608\" data-end=\"1720\">\n<p>Verwendung von Google Fonts<\/p>\n<p>Auf dieser Website werden externe Schriftarten, sogenannte Google Fonts, verwendet. Google Fonts ist ein Dienst der Google Ireland Limited (\u201eGoogle\u201c), Gordon House, Barrow Street, Dublin 4, Irland. Die Einbindung der Google Fonts erfolgt durch einen Serveraufruf, in der Regel ein Server von Google in den USA. Dabei wird an den Server \u00fcbermittelt, welche unserer Internetseiten Sie besucht haben. Auch die IP-Adresse des Browsers des Endger\u00e4ts des Besuchers dieser Internetseiten wird von Google gespeichert.<\/p>\n<p>Die Nutzung von Google Fonts erfolgt im Interesse einer einheitlichen und ansprechenden Darstellung unserer Online-Angebote. Dies stellt ein berechtigtes Interesse im Sinne von Art. 6 Abs. 1 lit. f DSGVO dar.<\/p>\n<p>Mehr Informationen zu Google Fonts und den Datenschutzrichtlinien von Google finden Sie unter:<br \/>\nhttps:\/\/developers.google.com\/fonts\/faq<br \/>\nhttps:\/\/policies.google.com\/privacy<\/p>","protected":false},"excerpt":{"rendered":"<p>\ud83d\udccb Impressum Angaben gem\u00e4\u00df \u00a7\u202f5 ECG, \u00a7\u202f14 UGB, \u00a7\u202f25 MedienG Firma:Red\u202fMonster\u202fe.U.Inhaber: Stefan\u202fWolner Adresse:Brigittenauer\u202fL\u00e4nde\u202f4\/2,1020 Wien, \u00d6sterreich Kontakt:Telefon: +43\u202f699\u202f199\u202f71111E\u2011Mail: [&hellip;]<\/p>\n","protected":false},"author":1,"featured_media":0,"parent":0,"menu_order":0,"comment_status":"closed","ping_status":"closed","template":"","meta":[],"_links":{"self":[{"href":"https:\/\/www.stefanwolner.com\/index.php\/wp-json\/wp\/v2\/pages\/3925"}],"collection":[{"href":"https:\/\/www.stefanwolner.com\/index.php\/wp-json\/wp\/v2\/pages"}],"about":[{"href":"https:\/\/www.stefanwolner.com\/index.php\/wp-json\/wp\/v2\/types\/page"}],"author":[{"embeddable":true,"href":"https:\/\/www.stefanwolner.com\/index.php\/wp-json\/wp\/v2\/users\/1"}],"replies":[{"embeddable":true,"href":"https:\/\/www.stefanwolner.com\/index.php\/wp-json\/wp\/v2\/comments?post=3925"}],"version-history":[{"count":3,"href":"https:\/\/www.stefanwolner.com\/index.php\/wp-json\/wp\/v2\/pages\/3925\/revisions"}],"predecessor-version":[{"id":5210,"href":"https:\/\/www.stefanwolner.com\/index.php\/wp-json\/wp\/v2\/pages\/3925\/revisions\/5210"}],"wp:attachment":[{"href":"https:\/\/www.stefanwolner.com\/index.php\/wp-json\/wp\/v2\/media?parent=3925"}],"curies":[{"name":"wp","href":"https:\/\/api.w.org\/{rel}","templated":true}]}}